{"id":3,"date":"2022-07-13T08:45:26","date_gmt":"2022-07-13T08:45:26","guid":{"rendered":"https:\/\/blog.concreteinvesting.com\/?page_id=3"},"modified":"2023-01-09T12:02:39","modified_gmt":"2023-01-09T12:02:39","slug":"informativa-trattamento-dati-personali","status":"publish","type":"page","link":"https:\/\/www.concreteinvesting.com\/blog\/info\/informativa-trattamento-dati-personali","title":{"rendered":"Privacy Policy"},"content":{"rendered":"\n<h2><\/h2>\n\n\n\n<div class=\"content\">\n\t\t\t<style>\ntable, th, td {<br \/>\n  border: 1px solid black;<br \/>\n  padding: 15px;<br \/>\n}<br \/>\n.sezione_info {<br \/>\n    font-size: 34px;<br \/>\n    width: 100%;<br \/>\n    text-align: center;<br \/>\n    margin-top: 40px;<br \/>\n    margin-bottom: 25px;<br \/>\n}<br \/>\n<\/style>\n<p class=\"lead\">INFORMATIVA E DICHIARAZIONE DI CONSENSO AL TRATTAMENTO DEI DATI PERSONALI AI SENSI DELL\u2019ART. 13 DEL REGOLAMENTO UE N. 679\/2016 (\u201cGDPR\u201d)<\/p>\n<p>&nbsp;<\/p>\n<div class=\"sezione_info\">\u2013 INVESTITORI-<\/div>\n<p>&nbsp;<\/p>\n<p>Concrete s.r.l., in qualit\u00e0 di titolare del trattamento <strong>(\u201cTitolare del trattamento\u201d)<\/strong>, informa che i dati personali dell\u2019utente che utilizza il portale Concrete (il <strong>\u201cPortale\u201d<\/strong>) al fine di sottoscrivere offerte al pubblico (<strong>\u201cInvestitore\u201d<\/strong>) avente ad oggetto strumenti finanziari emessi dagli utenti offerenti (<strong>\u201cOfferenti\u201d<\/strong>), sono raccolti e verranno trattati, limitatamente alle finalit\u00e0 di seguito elencate, nel rispetto della normativa in materia di trattamento dei dati personali Regolamento UE n. 679\/2016 (<strong>\u201cGDPR\u201d<\/strong> o <strong>\u201cRegolamento\u201d<\/strong>), nonch\u00e9 alla libera circolazione di tali dati.<\/p>\n<p>Si ricorda all\u2019Investitore che in qualit\u00e0 di soggetto interessato ha, in ogni momento, diritto ad opporsi al trattamento dei suoi dati personali e di revocare il consenso al trattamento effettuato per le finalit\u00e0 di seguito elencate, inviando una e-mail al seguente indirizzo: info@concreteinvesting.com.<\/p>\n<h3>Titolare del trattamento dati<\/h3>\n<p>Concrete s.r.l., iscritta al Registro delle Imprese di Milano, REA n. 2505446 C.F. e P.IVA. 10097930969, con sede legale in Via Tortona n. 37, 20144 Milano, debitamente iscritta nella sezione ordinaria del registro dei portali, tenuto da Consob ai sensi dell\u2019art. 50-quinquies del TUF.<\/p>\n<h3>Finalit\u00e0 del trattamento, base giuridica, categorie di dati e periodo di conservazione.<\/h3>\n<p>Ai fini dell\u2019applicazione della normativa europea e nazionale in materia, si informa suoi dati personali saranno utilizzati per le seguenti finalit\u00e0:<\/p>\n<p>&nbsp;<\/p>\n<table border=\"1\" cellspacing=\"10\">\n<tbody>\n<tr>\n<th width=\"5%\"><\/th>\n<th width=\"15%\">Finalit\u00e0 del trattamento cui sono destinati i dati personali<\/th>\n<th width=\"30%\">Base giuridica del trattamento<\/th>\n<th width=\"20%\">Categorie di dati personali oggetto di trattamento<\/th>\n<th width=\"30%\">Periodo di conservazione dei dati personali<\/th>\n<\/tr>\n<tr>\n<td>1<\/td>\n<td>Registrazione alla piattaforma<\/td>\n<td>Esecuzione del contratto (art. 6, comma 1, lett. b) del Regolamento<\/td>\n<td>\n<ul>\n<li>Dati identificativi (nome e cognome)<\/li>\n<li>Dati anagrafici<\/li>\n<li>Dati fiscali<\/li>\n<li>Dati bancari<\/li>\n<li>Dati giudiziari<\/li>\n<li>E-mail<\/li>\n<li>Password<\/li>\n<\/ul>\n<\/td>\n<td>Per un periodo di 10 anni, ovvero per il periodo di durata del contratto e successivamente,<br>\nper il tempo in cui il Titolare sia soggetto a obblighi di conservazione per finalit\u00e0 fiscali o per altre finalit\u00e0,<br>\npreviste da norme di legge o Regolamento.<\/td>\n<\/tr>\n<tr>\n<td>2<\/td>\n<td>Sottoscrizione delle quote<\/td>\n<td>Esecuzione del contratto (art. 6, comma 1, lett. b) del Regolamento<\/td>\n<td>\n<ul>\n<li>Dati identificativi (nome e cognome)<\/li>\n<li>Dati anagrafici<\/li>\n<li>Dati fiscali<\/li>\n<li>Dati bancari<\/li>\n<\/ul>\n<\/td>\n<td>Per un periodo di 10 anni, ovvero per il periodo di durata del contratto e successivamente,<br>\nper il tempo in cui il Titolare sia soggetto a obblighi di conservazione per finalit\u00e0 fiscali o per altre finalit\u00e0,<br>\npreviste da norme di legge o Regolamento.<\/td>\n<\/tr>\n<tr>\n<td>3<\/td>\n<td>Comunicazione di informazioni relative alle iniziative economiche promosse dal Titolare del trattamento sul proprio Portale<\/td>\n<td>Consenso dell\u2019Investitore (art. 6, comma 1, lett. a) del Regolamento)<\/td>\n<td>\n<ul>\n<li>Dati identificativi (nome e cognome)<\/li>\n<li>E-mail<\/li>\n<\/ul>\n<\/td>\n<td>Per un periodo di 10 anni dal rilascio del consenso, salvo revoca del consenso.<\/td>\n<\/tr>\n<\/tbody>\n<\/table>\n<h3>Natura dei dati raccolti<\/h3>\n<p>Il Titolare per la finalit\u00e0 elencate nella precedente tabella, tratta principalmente dati comuni (nome, cognome e indirizzo e-mail), oltre che dati giudiziari di cui all\u2019art. 10 del GDPR. Non sono trattati in alcun modo dati particolari ex art. 9.<\/p>\n<h3>Modalit\u00e0 del trattamento<\/h3>\n<p>I dati raccolti sono trattati mediante strumenti elettronici o comunque automatizzati, informatici e telematici o mediante elaborazioni manuali con logiche strettamente correlate alle finalit\u00e0 per le quali i dati sono stati raccolti, e comunque, in modo da garantire in ogni caso la sicurezza dei medesimi. L\u2019accesso ai dati acquisiti \u00e8 consentito al personale debitamente autorizzato.<\/p>\n<h3>Profilazione<\/h3>\n<p>I dati saranno inoltre trattati secondo un processo automatizzato, anche a fini di profilazione. Il Titolare potrebbe trattare i dati raccolti per creare o aggiornare profili di utenza. Questo tipo di trattamento consente al Titolare di valutare le scelte, preferenze e comportamento del soggetto interessato per le finalit\u00e0 di cui alla precedente tabella. In particolare, il Titolare del trattamento provveder\u00e0 al trattamento anche automatizzato dei dati personali forniti, esclusivamente per le finalit\u00e0 elencate nella precedente tabella.<\/p>\n<p>In qualit\u00e0 di soggetto interessato ha in ogni momento diritto ad opporsi a tale attivit\u00e0 di profilazione, inviando una e-mail al seguente indirizzo: info@concreteinvesting.com.<\/p>\n<h3>Categorie di destinatari<\/h3>\n<p>In relazione alle finalit\u00e0 indicate nella precedente tabella, i dati potranno essere comunicati dal Titolare alle seguenti tipologie di soggetti pubblici e o privati:<br>\nsociet\u00e0 autorizzate all\u2019esercizio dell\u2019attivit\u00e0 fiduciaria con Decreto del Ministero dello Sviluppo Economico ai sensi della Legge n. 1966\/1939 e del R.D. n. 531\/1940, che \u00e8 stata prescelta dal Titolare per curare l\u2019intestazione fiduciaria e la gestione amministrativa delle quote sottoscritte attraverso il portale;<br>\nintermediari finanziari prescelti dal Titolare per curare il delle sottoscrizioni;<br>\nprovider esterni per l\u2019invio di comunicazioni a scopi commerciali (es. Mailchimp).<\/p>\n<h3>Periodo di conservazione dei dati<\/h3>\n<p>Al termine del periodo indicati nella precedente tabella, una volta decorsi i termini prescrizionali per la tutela dei diritti dell\u2019interessato, i dati verranno cancellati o resi in forma anonima.<\/p>\n<h3>Trasferimento a paese Extra UE<\/h3>\n<p>I dati personali non saranno in alcun modo trasferiti in paesi extra-UE.<\/p>\n<h3>Diritti degli Investitori in qualit\u00e0 di soggetti interessati<\/h3>\n<p>L\u2019Investitore, in qualit\u00e0 di soggetto interessato, pu\u00f2 chiedere in qualsiasi momento al Titolare:<\/p>\n<ul>\n<li>la conferma dell\u2019esistenza o meno di dati personali che lo riguardano;<\/li>\n<li>l\u2019accesso ai suoi dati personali ed alle informazioni relative agli stessi (i.e. finalit\u00e0 del trattamento; categorie di dati personali; categorie di destinatari a cui i dati sono stati o saranno comunicati; periodo di conservazione dei dati);<\/li>\n<li>la rettifica dei dati inesatti o l\u2019integrazione di quelli incompleti;<\/li>\n<li>la cancellazione dei dati personali che la riguardano senza ingiustificato ritardo (al verificarsi di una delle condizioni indicate nell\u2019art. 17, paragrafo 1 del Regolamento e nel rispetto delle eccezioni previste nel paragrafo 3 dello stesso articolo);<\/li>\n<li>la limitazione del trattamento dei suoi dati personali (al ricorrere di una delle ipotesi indicate nell\u2019art. 18, paragrafo 1 del Regolamento);<\/li>\n<li>la trasformazione in forma anonima o il blocco dei dati trattati in violazione di legge, compresi quelli di cui non \u00e8 necessaria la conservazione in relazione agli scopi per i quali i dati sono stati raccolti o successivamente trattati.<\/li>\n<\/ul>\n<p>L\u2019Investitore, in qualit\u00e0 di soggetto interessato ha inoltre diritto di opporsi in tutto o in parte:<\/p>\n<ul>\n<li>per motivi legittimi al trattamento dei dati personali che lo riguardano, ancorch\u00e9 pertinenti allo scopo della raccolta;<\/li>\n<li>al trattamento di dati personali che lo riguardano a fini di invio informazioni commerciali relative al Titolare del trattamento.<\/li>\n<\/ul>\n<p>Tali diritti sono esercitabili rivolgendosi a info@concreteinvesting.com.<br>\nQualora l\u2019Investitore ritenga che i suoi diritti siano stati violati dal Titolare e\/o da un terzo, ha il diritto di proporre reclamo all\u2019Autorit\u00e0 per la protezione dei dati personali e\/o ad altra autorit\u00e0 di controllo competente in forza del Regolamento.<\/p>\n<div class=\"sezione_info\">\u2013 OFFERENTI \u2013<\/div>\n<p>Concrete s.r.l., in qualit\u00e0 di titolare del trattamento (<strong>\u201cTitolare del trattamento\u201d<\/strong> e <strong>\u201cGestore\u201d<\/strong>), informa che i dati personali dell\u2019utente che utilizza il portale Concrete (il <strong>\u201cPortale\u201d<\/strong>) al fine di proporre una raccolta di capitali (<strong>\u201cOfferente\u201d<\/strong>) rivolta a potenziali sottoscrittori (<strong>\u201cInvestitori\u201d<\/strong>) sono raccolti e verranno trattati, limitatamente alle finalit\u00e0 di seguito elencate, nel rispetto della normativa in materia di trattamento dei dati personali Regolamento UE n. 679\/2016 (<strong>\u201cGDPR\u201d<\/strong> o <strong>\u201cRegolamento\u201d<\/strong>), nonch\u00e9 alla libera circolazione di tali dati.<\/p>\n<p>Si ricorda all\u2019Offerente che in qualit\u00e0 di soggetto interessato ha, in ogni momento, diritto ad opporsi al trattamento dei suoi dati personali e di revocare il consenso al trattamento effettuato per le finalit\u00e0 di seguito elencate, inviando una e-mail al seguente indirizzo: info@concreteinvesting.com.<\/p>\n<h3>Titolare del trattamento dati<\/h3>\n<p>Concrete s.r.l., iscritta al Registro delle Imprese di Milano, REA n. 2505446 C.F. e P.IVA. 10097930969, con sede legale in Via Tortona n. 37, 20144 Milano, debitamente iscritta nella sezione ordinaria del registro dei portali, tenuto da Consob ai sensi dell\u2019art. 50-quinquies del TUF.<\/p>\n<h3>Finalit\u00e0 del trattamento, base giuridica, categorie di dati e periodo di conservazione.<\/h3>\n<p>Ai fini dell\u2019applicazione della normativa europea e nazionale in materia, si informa suoi dati personali saranno utilizzati per le seguenti finalit\u00e0:<\/p>\n<table>\n<tbody>\n<tr>\n<th width=\"5%\"><\/th>\n<th width=\"15%\">Finalit\u00e0 del trattamento cui sono destinati i dati personali<\/th>\n<th width=\"30%\">Base giuridica del trattamento<\/th>\n<th width=\"20%\">Categorie di dati personali oggetto di trattamento<\/th>\n<th width=\"30%\">Periodo di conservazione dei dati personali<\/th>\n<\/tr>\n<tr>\n<td>1<\/td>\n<td>Registrazione alla piattaforma<\/td>\n<td>Esecuzione del contratto (art. 6, comma 1, lett. b) del Regolamento<\/td>\n<td>\n<ul>\n<li>Dati identificativi del legale rappresentante dell\u2019Offerente (nome e cognome)<\/li>\n<li>Dati anagrafici del legale rappresentante dell\u2019Offerente<\/li>\n<li>E-mail<\/li>\n<li>Password<\/li>\n<\/ul>\n<\/td>\n<td>Per un periodo di 10 anni, ovvero per il periodo di durata del contratto e successivamente,<br>\nper il tempo in cui il Titolare sia soggetto a obblighi di conservazione per finalit\u00e0 fiscali o per altre finalit\u00e0,<br>\npreviste da norme di legge o Regolamento.<\/td>\n<\/tr>\n<tr>\n<td>2<\/td>\n<td>Presentazione dell\u2019offerta e valutazione della medesima da parte del Titolare<\/td>\n<td>Esecuzione del contratto (art. 6, comma 1, lett. b) del Regolamento<\/td>\n<td>\n<ul>\n<li>Dati identificativi del legale rappresentante e dei soci persone fisiche dell\u2019Offerente (nome e cognome)<\/li>\n<li>Dati anagrafici del legale rappresentante e dei soci persone fisiche dell\u2019Offerente<\/li>\n<\/ul>\n<\/td>\n<td>Per un periodo di 10 anni, ovvero per il periodo di durata del contratto e successivamente,<br>\nper il tempo in cui il Titolare sia soggetto a obblighi di conservazione per finalit\u00e0 fiscali o per altre finalit\u00e0,<br>\npreviste da norme di legge o Regolamento.<\/td>\n<\/tr>\n<tr>\n<td>3<\/td>\n<td>Comunicazione di informazioni relative alle iniziative economiche promosse dal Titolare del trattamento sul proprio Portale<\/td>\n<td>Consenso dell\u2019Offerente (art. 6, comma 1, lett. a) del Regolamento)<\/td>\n<td>\n<ul>\n<li>Dati identificativi (nome e cognome)<\/li>\n<li>E-mail<\/li>\n<\/ul>\n<\/td>\n<td>Per un periodo di 10 anni dal rilascio del consenso, salvo revoca del consenso.<\/td>\n<\/tr>\n<\/tbody>\n<\/table>\n<h3>Natura dei dati raccolti<\/h3>\n<p>Il Titolare per la finalit\u00e0 elencate nella precedente tabella, tratta principalmente dati comuni (nome, cognome e indirizzo e-mail). Non sono trattati in alcun modo dati particolari ex art. 9.<\/p>\n<h3>Modalit\u00e0 del trattamento<\/h3>\n<p>I dati raccolti sono trattati mediante strumenti elettronici o comunque automatizzati, informatici e telematici o mediante elaborazioni manuali con logiche strettamente correlate alle finalit\u00e0 per le quali i dati sono stati raccolti, e comunque, in modo da garantire in ogni caso la sicurezza dei medesimi. L\u2019accesso ai dati acquisiti \u00e8 consentito al personale debitamente autorizzato.<\/p>\n<h3>Profilazione<\/h3>\n<p>I dati saranno inoltre trattati secondo un processo automatizzato, anche a fini di profilazione. Il Titolare potrebbe trattare i dati raccolti per creare o aggiornare profili di utenza. Questo tipo di trattamento consente al Titolare di valutare le scelte, preferenze e comportamento dell\u2019Offerente in qualit\u00e0 di soggetto interessato per le finalit\u00e0 di cui alla precedente tabella. In particolare, il Titolare del trattamento provveder\u00e0 al trattamento anche automatizzato dei dati personali forniti, esclusivamente per le finalit\u00e0 elencate nella precedente tabella.<\/p>\n<p>L\u2019Offerente, in qualit\u00e0 di soggetto interessato, ha in ogni momento diritto ad opporsi a tale attivit\u00e0 di profilazione, inviando una e-mail al seguente indirizzo: info@concreteinvesting.com.<\/p>\n<h3>Categorie di destinatari<\/h3>\n<p>In relazione alle finalit\u00e0 indicate nella precedente tabella, i dati dell\u2019Offerente potranno essere comunicati dal Titolare alle seguenti tipologie di soggetti pubblici e o privati:<\/p>\n<ul>\n<li>societ\u00e0 autorizzate all\u2019esercizio dell\u2019attivit\u00e0 fiduciaria con Decreto del Ministero dello Sviluppo Economico ai sensi della Legge n. 1966\/1939 e del R.D. n. 531\/1940, che \u00e8 stata prescelta dal Titolare per curare l\u2019intestazione fiduciaria e la gestione amministrativa delle quote sottoscritte dall\u2019Offerente attraverso il Portale;<\/li>\n<li>Valutatore Indipendente esterno al Titolare al fine di svolgere un report di valutazione dell\u2019Offerta.<\/li>\n<\/ul>\n<p>&nbsp;<\/p>\n<h3>Periodo di conservazione dei dati<\/h3>\n<p>Al termine del periodo indicati nella precedente tabella, una volta decorsi i termini prescrizionali per la tutela dei diritti dell\u2019interessato, i dati verranno cancellati o resi in forma anonima.<\/p>\n<h3>Trasferimento a paese Extra UE<\/h3>\n<p>I dati personali non saranno in alcun modo trasferiti in paesi extra-UE.<\/p>\n<h3>Diritti degli Offerenti in qualit\u00e0 di soggetti interessati<\/h3>\n<p>L\u2019Offerente, in qualit\u00e0 di soggetto interessato, pu\u00f2 chiedere in qualsiasi momento al Titolare:<\/p>\n<ul>\n<li>la conferma dell\u2019esistenza o meno di dati personali che lo riguardano;<\/li>\n<li>l\u2019accesso ai suoi dati personali ed alle informazioni relative agli stessi (i.e. finalit\u00e0 del trattamento; categorie di dati personali; categorie di destinatari a cui i dati sono stati o saranno comunicati; periodo di conservazione dei dati);<\/li>\n<li>la rettifica dei dati inesatti o l\u2019integrazione di quelli incompleti;<\/li>\n<li>la cancellazione dei dati personali che la riguardano senza ingiustificato ritardo (al verificarsi di una delle condizioni indicate nell\u2019art. 17, paragrafo 1 del Regolamento e nel rispetto delle eccezioni previste nel paragrafo 3 dello stesso articolo);<\/li>\n<li>la limitazione del trattamento dei suoi dati personali (al ricorrere di una delle ipotesi indicate nell\u2019art. 18, paragrafo 1 del Regolamento);<\/li>\n<li>la trasformazione in forma anonima o il blocco dei dati trattati in violazione di legge, compresi quelli di cui non \u00e8 necessaria la conservazione in relazione agli scopi per i quali i dati sono stati raccolti o successivamente trattati.<\/li>\n<\/ul>\n<p>L\u2019Offerente, in qualit\u00e0 di soggetto interessato, ha inoltre diritto di opporsi in tutto o in parte:<\/p>\n<ul>\n<li>per motivi legittimi al trattamento dei dati personali che lo riguardano, ancorch\u00e9 pertinenti allo scopo della raccolta;<\/li>\n<li>al trattamento di dati personali che lo riguardano a fini di invio informazioni commerciali relative al Titolare del trattamento.<\/li>\n<\/ul>\n<p>Tali diritti sono esercitabili rivolgendosi a info@concreteinvesting.com.<br>\nQualora l\u2019Offerente ritenga che i suoi diritti siano stati violati dal Titolare e\/o da un terzo, ha il diritto di proporre reclamo all\u2019Autorit\u00e0 per la protezione dei dati personali e\/o ad altra autorit\u00e0 di controllo competente in forza del Regolamento.<\/p>\n<p>Aggiornata al 31\/07\/2019<\/p>\n\t\t<\/div>\n","protected":false},"excerpt":{"rendered":"<p>INFORMATIVA E DICHIARAZIONE DI CONSENSO AL TRATTAMENTO DEI DATI PERSONALI AI SENSI DELL\u2019ART. 13 DEL REGOLAMENTO UE N. 679\/2016 (\u201cGDPR\u201d) &nbsp; \u2013 INVESTITORI- &nbsp; Concrete s.r.l., in qualit\u00e0 di titolare del trattamento (\u201cTitolare del trattamento\u201d), informa che i dati personali dell\u2019utente che utilizza il portale Concrete (il \u201cPortale\u201d) al fine di sottoscrivere offerte al pubblico [&hellip;]<\/p>\n","protected":false},"author":1,"featured_media":0,"parent":5553,"menu_order":0,"comment_status":"closed","ping_status":"closed","template":"","meta":[],"blocksy_meta":{"styles_descriptor":{"styles":{"desktop":"","tablet":"","mobile":""},"google_fonts":[],"version":6}},"_links":{"self":[{"href":"https:\/\/www.concreteinvesting.com\/blog\/wp-json\/wp\/v2\/pages\/3"}],"collection":[{"href":"https:\/\/www.concreteinvesting.com\/blog\/wp-json\/wp\/v2\/pages"}],"about":[{"href":"https:\/\/www.concreteinvesting.com\/blog\/wp-json\/wp\/v2\/types\/page"}],"author":[{"embeddable":true,"href":"https:\/\/www.concreteinvesting.com\/blog\/wp-json\/wp\/v2\/users\/1"}],"replies":[{"embeddable":true,"href":"https:\/\/www.concreteinvesting.com\/blog\/wp-json\/wp\/v2\/comments?post=3"}],"version-history":[{"count":2,"href":"https:\/\/www.concreteinvesting.com\/blog\/wp-json\/wp\/v2\/pages\/3\/revisions"}],"predecessor-version":[{"id":5567,"href":"https:\/\/www.concreteinvesting.com\/blog\/wp-json\/wp\/v2\/pages\/3\/revisions\/5567"}],"up":[{"embeddable":true,"href":"https:\/\/www.concreteinvesting.com\/blog\/wp-json\/wp\/v2\/pages\/5553"}],"wp:attachment":[{"href":"https:\/\/www.concreteinvesting.com\/blog\/wp-json\/wp\/v2\/media?parent=3"}],"curies":[{"name":"wp","href":"https:\/\/api.w.org\/{rel}","templated":true}]}}