{"id":5537,"date":"2022-09-21T08:18:41","date_gmt":"2022-09-21T08:18:41","guid":{"rendered":"https:\/\/blog.concreteinvesting.com\/?page_id=5537"},"modified":"2023-01-09T12:02:06","modified_gmt":"2023-01-09T12:02:06","slug":"policy-antifrode","status":"publish","type":"page","link":"https:\/\/www.concreteinvesting.com\/blog\/info\/policy-antifrode","title":{"rendered":"Policy antifrode"},"content":{"rendered":"\n<div class=\"content\">\n\t\t\t<p>L\u2019adozione di alcuni principi di comportamento specifici, da osservare nei rapporti con i terzi \u00e8 manifestazione di impegno della Societ\u00e0 la quale, in tutte le proprie attivit\u00e0 agisce in modo corretto e trasparente, con comportamenti caratterizzati da lealt\u00e0, senso di responsabilit\u00e0, buona fede e collaborazione.<\/p>\n<p>Per politica per la \u201cPrevenzione delle Frodi\u201d si intendono le misure messe in atto da Concrete, come si seguito meglio descritte e atte a prevenire:<\/p>\n<ol>\n<li>frodi legate alla eventuale intrusione nel Portale da parte di terzi non autorizzati;<\/li>\n<li>frodi legate alla liceit\u00e0 dei progetti portati avanti dalle Offerenti;<\/li>\n<li>frodi legate alle informazioni pubblicate sul Portale;<\/li>\n<li>frodi legate alle transazioni finanziarie;<\/li>\n<li>frodi legate all\u2019utilizzo improprio da parte dell\u2019Offerente dei fondi raccolti dagli Investitori.<\/li>\n<\/ol>\n<p>In tale contesto Concrete pone in essere le seguenti misure.<\/p>\n<ol class=\"nested-counters\">\n<li class=\"size-h2\">\n<h2>Con riferimento alle frodi legate alla eventuale intrusione nel Portale da parte di terzi non autorizzati<\/h2>\n<p>Concrete predispone adeguati sistemi di sicurezza informatica in grado di proteggere il proprio sistema informatico da accessi esterni non autorizzati, attraverso l\u2019utilizzo di apparati firewall correttamente posizionati nella rete che consentono altres\u00ec di rilevare e tracciare qualsiasi tentativo di accesso:<\/p>\n<ul>\n<li>identifica le PMI prima della pubblicazione di qualsiasi informazione sul Portale;<\/li>\n<li>consegna alle PMI credenziali personalizzate di accesso al Portale, da tenere riservate sotto la diretta responsabilit\u00e0 delle PMI;<\/li>\n<li>da corso alla valutazione del singolo progetto prima della pubblicazione sul Portale dell\u2019offerta per gli investitori.<\/li>\n<\/ul>\n<\/li>\n<li class=\"size-h2\">\n<h2>Con riferimento alle frodi legate alla liceit\u00e0 dei progetti portati avanti dalle societ\u00e0 Offerenti<\/h2>\n<p>Concrete presenter\u00e0 preliminarmente ciascun progetto ad un proprio \u2018Comitato di valutazione\u2019 chiamato ad esprimersi sulla liceit\u00e0 del progetto, e si avvarr\u00e0 di consulenti legali al fine di accertare la liceit\u00e0 delle Offerte.<\/p><\/li>\n<li class=\"size-h2\">\n<h2>Con riferimento alle frodi legate alle informazioni pubblicate sul Portale<\/h2>\n<p>Concrete effettua una verifica circa i requisiti previsti dal Regolamento CONSOB 18592\/2013 per l\u2019ammissibilit\u00e0 delle offerte sul Portale, in alcuni casi anche attraverso specifiche attivit\u00e0 di <i>due diligence<\/i> affidate a consulenti.<\/p>\n<p>Si evidenzia tuttavia che le informazioni fornite sul Portale dalle Offerenti sono di esclusiva pertinenza e responsabilit\u00e0 delle Offerenti stesse anche laddove sulle stesse sia stata eseguita una specifica attivit\u00e0 di analisi.<\/p>\n<p>Concrete verificher\u00e0 che vi sia corrispondenza tra le informazioni inserite nel documento informativo e quelle rese disponibili dalla societ\u00e0 Offerente mediante la documentazione pubblicata sul Portale a supporto del singolo progetto; per quanto riguarda la documentazione relativa alle offerte delle societ\u00e0 Offerenti, si segnala infine che le stesse sono pubblicate sul Portale a seguito di una delibera di aumento di capitale effettuata dai soci della societ\u00e0 Offerente dinanzi ad un Notaio il quale, a sua volta, pone in essere i controlli di legge necessari e propedeutici alla redazione del relativo verbale.<\/p><\/li>\n<li class=\"size-h2\">\n<h2>Con riferimento alle frodi legate alle transazioni finanziarie<\/h2>\n<p>Poich\u00e9 per le transazioni finanziarie Concrete si appogger\u00e0 completamente ad operatori del sistema bancario, Concrete rinvia ai presidi anti-frode predisposti da tali soggetti per dare corso al rispetto delle relative norme e regolamenti.<\/p><\/li>\n<li class=\"size-h2\">\n<h2>Con riferimento alle frodi legate all\u2019utilizzo improprio da parte dell\u2019Offerente dei fondi raccolti dagli investitori<\/h2>\n<p>Poich\u00e9 la societ\u00e0 Offerente ed il suo management sono unicamente responsabili dell\u2019utilizzo dei fondi raccolti dagli Investitori, Concrete non pu\u00f2 compiere alcuna attivit\u00e0 di controllo in tal senso e rinvia sul punto alle attuali norme societarie e, eventualmente, penali relative alla materia.<\/p>\n<p>Tuttavia Concrete richiede alla societ\u00e0 Offerente un\u2019attivit\u00e0 di informativa sull\u2019utilizzo dei fondi per un periodo di almeno 12 mesi successivi alla positiva chiusura della campagna di raccolta, anche al fine di imporre uno specifico obbligo sulla societ\u00e0 Offerente e di dissuadere la stessa da operare in maniera difforme da quanto dichiarato.<\/p>\n<p>La presente policy pu\u00f2 essere modificata ed integrata con delibera del Consiglio di Amministrazione, anche sulla scorta dei suggerimenti e delle indicazioni provenienti Autorit\u00e0 di Vigilanza cui la Societ\u00e0 \u00e8 soggetta.<\/p><\/li>\n<\/ol>\n\t\t<\/div>\n","protected":false},"excerpt":{"rendered":"<p>L\u2019adozione di alcuni principi di comportamento specifici, da osservare nei rapporti con i terzi \u00e8 manifestazione di impegno della Societ\u00e0 la quale, in tutte le proprie attivit\u00e0 agisce in modo corretto e trasparente, con comportamenti caratterizzati da lealt\u00e0, senso di responsabilit\u00e0, buona fede e collaborazione. Per politica per la \u201cPrevenzione delle Frodi\u201d si intendono le [&hellip;]<\/p>\n","protected":false},"author":1,"featured_media":0,"parent":5553,"menu_order":0,"comment_status":"closed","ping_status":"closed","template":"","meta":[],"blocksy_meta":{"styles_descriptor":{"styles":{"desktop":"","tablet":"","mobile":""},"google_fonts":[],"version":6}},"_links":{"self":[{"href":"https:\/\/www.concreteinvesting.com\/blog\/wp-json\/wp\/v2\/pages\/5537"}],"collection":[{"href":"https:\/\/www.concreteinvesting.com\/blog\/wp-json\/wp\/v2\/pages"}],"about":[{"href":"https:\/\/www.concreteinvesting.com\/blog\/wp-json\/wp\/v2\/types\/page"}],"author":[{"embeddable":true,"href":"https:\/\/www.concreteinvesting.com\/blog\/wp-json\/wp\/v2\/users\/1"}],"replies":[{"embeddable":true,"href":"https:\/\/www.concreteinvesting.com\/blog\/wp-json\/wp\/v2\/comments?post=5537"}],"version-history":[{"count":1,"href":"https:\/\/www.concreteinvesting.com\/blog\/wp-json\/wp\/v2\/pages\/5537\/revisions"}],"predecessor-version":[{"id":5538,"href":"https:\/\/www.concreteinvesting.com\/blog\/wp-json\/wp\/v2\/pages\/5537\/revisions\/5538"}],"up":[{"embeddable":true,"href":"https:\/\/www.concreteinvesting.com\/blog\/wp-json\/wp\/v2\/pages\/5553"}],"wp:attachment":[{"href":"https:\/\/www.concreteinvesting.com\/blog\/wp-json\/wp\/v2\/media?parent=5537"}],"curies":[{"name":"wp","href":"https:\/\/api.w.org\/{rel}","templated":true}]}}