{"id":5548,"date":"2022-09-27T08:05:56","date_gmt":"2022-09-27T08:05:56","guid":{"rendered":"https:\/\/blog.concreteinvesting.com\/?page_id=5548"},"modified":"2023-01-09T11:53:48","modified_gmt":"2023-01-09T11:53:48","slug":"domande-frequenti-investitori","status":"publish","type":"page","link":"https:\/\/www.concreteinvesting.com\/blog\/info\/domande-frequenti-investitori","title":{"rendered":"FAQ: Le nostre domande pi\u00f9 frequenti"},"content":{"rendered":"\n<h2>Generali<\/h2>\n\n\n<style>#sp-ea-5559 .spcollapsing { height: 0; overflow: hidden; transition-property: height;transition-duration: 300ms;}#sp-ea-5559.sp-easy-accordion>.sp-ea-single {border: 1px solid #e2e2e2; }#sp-ea-5559.sp-easy-accordion>.sp-ea-single>.ea-header a {color: #444;}#sp-ea-5559.sp-easy-accordion>.sp-ea-single>.sp-collapse>.ea-body {background: #fff; color: #444;}#sp-ea-5559.sp-easy-accordion>.sp-ea-single {background: #ffffff;}#sp-ea-5559.sp-easy-accordion>.sp-ea-single>.ea-header a .ea-expand-icon.fa { float: right; color: #444;font-size: 16px;}#sp-ea-5559.sp-easy-accordion>.sp-ea-single>.ea-header a .ea-expand-icon.fa {margin-right: 0;}<\/style><div id=\"sp_easy_accordion-1777327336\"><div id=\"sp-ea-5559\" class=\"sp-ea-one sp-easy-accordion\" data-ex-icon=\"fa-minus\" data-col-icon=\"fa-plus\"  data-ea-active=\"ea-click\"  data-ea-mode=\"vertical\" data-preloader=\"\" data-scroll-active-item=\"\" data-offset-to-scroll=\"0\"><div class=\"ea-card ea-expand sp-ea-single\"><h3 class=\"ea-header\"><a class=\"collapsed\" data-sptoggle=\"spcollapse\" data-sptarget=#collapse55590 href=\"javascript:void(0)\"  aria-expanded=\"true\"><i class=\"ea-expand-icon fa fa-minus\"><\/i> Cosa \u00e8 l\u2019equity crowdfunding?<\/a><\/h3><div class=\"sp-collapse spcollapse collapsed show\" id=\"collapse55590\" data-parent=#sp-ea-5559><div class=\"ea-body\"><p>L\u2019equity crowdfunding \u00e8 la modalit\u00e0 di raccolta di capitale di rischio utilizzata per finanziare progetti e imprese attraverso gli investimenti effettuati da soggetti privati attraverso una piattaforma online. Nello specifico, chi intende raccogliere dei fondi, l\u2019Offerente, propone attraverso il portale il proprio progetto che gli utenti, gli Investitori, potranno valutare ed in cui potranno sottoscrivere quote\/azioni tramite un aumento di capitale riservato.<br \/>\nIn Italia l\u2019equity crowdfunding \u00e8 normato dal Decreto legge n. 179\/2012 (artt. 25 \u2013 32) noto come \u201cDecreto crescita bis\u201d, e relativi aggiornamenti. Fino al 2017 l\u2019utilizzo dell\u2019equity crowdfunding come metodo di finanziamento era riservato a startup e PMI innovative; la legge di Bilancio 2017 ha ampliato la possibilit\u00e0 di raccogliere capitali tramite equity crowdfunding a tutte le PMI.<\/p>\n<\/div><\/div><\/div><div class=\"ea-card  sp-ea-single\"><h3 class=\"ea-header\"><a class=\"collapsed\" data-sptoggle=\"spcollapse\" data-sptarget=#collapse55591 href=\"javascript:void(0)\"  aria-expanded=\"false\"><i class=\"ea-expand-icon fa fa-plus\"><\/i> Concrete Investing \u00e8 una piattaforma vigilata da Consob?<\/a><\/h3><div class=\"sp-collapse spcollapse \" id=\"collapse55591\" data-parent=#sp-ea-5559><div class=\"ea-body\"><p>I Gestori di portali di equity crowdfunding sono specificamente autorizzati e vigilati da Consob, che ne verifica la professionalit\u00e0, l\u2019onorabilit\u00e0 e la dotazione di presidi tecnologici e organizzativi necessari a svolgere l\u2019attivit\u00e0 di Gestore. I Gestori attivi sono iscritti al\u00a0<a href=\"http:\/\/www.consob.it\/web\/area-pubblica\/registro-crowdfunding-sezione-ordinaria\" target=\"_blank\" rel=\"noopener\">registro dei Gestori dei Portali<\/a>. Concrete Investing ne fa parte con delibera di iscrizione n.20405.<\/p>\n<\/div><\/div><\/div><\/div><\/div>\n\n\n\n<h2>Per gli Investitori<\/h2>\n\n\n<style>#sp-ea-5949 .spcollapsing { height: 0; overflow: hidden; transition-property: height;transition-duration: 300ms;}#sp-ea-5949.sp-easy-accordion>.sp-ea-single {border: 1px solid #e2e2e2; }#sp-ea-5949.sp-easy-accordion>.sp-ea-single>.ea-header a {color: #444;}#sp-ea-5949.sp-easy-accordion>.sp-ea-single>.sp-collapse>.ea-body {background: #fff; color: #444;}#sp-ea-5949.sp-easy-accordion>.sp-ea-single {background: #ffffff;}#sp-ea-5949.sp-easy-accordion>.sp-ea-single>.ea-header a .ea-expand-icon.fa { float: left; color: #444;font-size: 16px;}<\/style><div id=\"sp_easy_accordion-1777327336\"><div id=\"sp-ea-5949\" class=\"sp-ea-one sp-easy-accordion\" data-ex-icon=\"fa-minus\" data-col-icon=\"fa-plus\"  data-ea-active=\"ea-click\"  data-ea-mode=\"vertical\" data-preloader=\"\" data-scroll-active-item=\"\" data-offset-to-scroll=\"0\"><div class=\"ea-card ea-expand sp-ea-single\"><h3 class=\"ea-header\"><a class=\"collapsed\" data-sptoggle=\"spcollapse\" data-sptarget=#collapse59490 href=\"javascript:void(0)\"  aria-expanded=\"true\"><i class=\"ea-expand-icon fa fa-minus\"><\/i> Chi pu\u00f2 investire?<\/a><\/h3><div class=\"sp-collapse spcollapse collapsed show\" id=\"collapse59490\" data-parent=#sp-ea-5949><div class=\"ea-body\"><p>Chiunque pu\u00f2 investire in equity crowdfunding attraverso Concrete Investing. Le sole due condizioni sono la maggiore et\u00e0 e il possesso di un Codice Fiscale italiano. Ai fini dell\u2019investimento \u00e8 richiesta la compilazione di un questionario di appropriatezza il cui scopo \u00e8 verificare la conoscenza basilare di nozioni finanziarie dell\u2019Investitore, la sua comprensione dei rischi legati all\u2019Investimento e la sua capacit\u00e0 di poter far fronte alla potenziale perdita del capitale.<\/p>\n<\/div><\/div><\/div><div class=\"ea-card  sp-ea-single\"><h3 class=\"ea-header\"><a class=\"collapsed\" data-sptoggle=\"spcollapse\" data-sptarget=#collapse59491 href=\"javascript:void(0)\"  aria-expanded=\"false\"><i class=\"ea-expand-icon fa fa-plus\"><\/i> Cosa compro quando investo?<\/a><\/h3><div class=\"sp-collapse spcollapse \" id=\"collapse59491\" data-parent=#sp-ea-5949><div class=\"ea-body\"><p>Investendo su Concrete Investing si sottoscrivono delle quote, in caso di una srl, o delle azioni, in caso di una spa, di un SPV (l\u2019Offerente). L\u2019Offerente, a seconda dei casi, pu\u00f2 essere la societ\u00e0 che operativamente porta avanti lo sviluppo o pu\u00f2 essere un \u201cveicolo\u201d che investe nella SPV. Tali informazioni sono specificate nel materiale informativo di ogni singola Offerta.<\/p>\n<\/div><\/div><\/div><div class=\"ea-card  sp-ea-single\"><h3 class=\"ea-header\"><a class=\"collapsed\" data-sptoggle=\"spcollapse\" data-sptarget=#collapse59492 href=\"javascript:void(0)\"  aria-expanded=\"false\"><i class=\"ea-expand-icon fa fa-plus\"><\/i> Quali progetti propone Concrete Investing?<\/a><\/h3><div class=\"sp-collapse spcollapse \" id=\"collapse59492\" data-parent=#sp-ea-5949><div class=\"ea-body\"><p>Concrete Investing propone progetti immobiliari di sviluppo. Le quote\/azioni oggetto della raccolta sono di societ\u00e0 di diritto italiano, ma i progetti possono avere luogo sia in Italia che in altri paesi.<\/p>\n<\/div><\/div><\/div><div class=\"ea-card  sp-ea-single\"><h3 class=\"ea-header\"><a class=\"collapsed\" data-sptoggle=\"spcollapse\" data-sptarget=#collapse59493 href=\"javascript:void(0)\"  aria-expanded=\"false\"><i class=\"ea-expand-icon fa fa-plus\"><\/i> Come vengono selezionati i progetti?<\/a><\/h3><div class=\"sp-collapse spcollapse \" id=\"collapse59493\" data-parent=#sp-ea-5949><div class=\"ea-body\"><p>Concrete Investing attua un\u2019attenta e rigida selezione dei progetti.<br \/>\nI progetti vengono selezionati in base all\u2019attrattivit\u00e0, definita dal profilo rischio rendimento, e dalla solidit\u00e0 delle operazioni. I principali criteri adottati per la valutazione della solidit\u00e0 delle offerte sono l\u2019esperienza e le credenziali degli Operatori coinvolti, il grado di co-investimento da parte degli Operatori stessi e la correttezza formale e sostanziale del Business Plan del progetto. La valutazione di ogni progetto \u00e8 certificata anche da un Valutatore Indipendente, ruolo ad oggi ricoperto dal Real Estate Center del Politecnico di Milano.<\/p>\n<\/div><\/div><\/div><div class=\"ea-card  sp-ea-single\"><h3 class=\"ea-header\"><a class=\"collapsed\" data-sptoggle=\"spcollapse\" data-sptarget=#collapse59494 href=\"javascript:void(0)\"  aria-expanded=\"false\"><i class=\"ea-expand-icon fa fa-plus\"><\/i> Quanto posso investire in ciascun progetto immobiliare?<\/a><\/h3><div class=\"sp-collapse spcollapse \" id=\"collapse59494\" data-parent=#sp-ea-5949><div class=\"ea-body\"><p>Considerate le caratteristiche dell\u2019investimento, l\u2019alto rischio e l\u2019illiquidit\u00e0, l\u2019ammontare dell\u2019investimento da parte dell\u2019investitore dev\u2019essere sempre adeguato alle proprie disponibilit\u00e0 finanziarie; si raccomanda quindi di porre grande attenzione a questo aspetto. L\u2019ammontare minimo dell\u2019investimento \u00e8 pubblicato tra i dettagli di ciascuna Offerta e non esiste un ammontare massimo che pu\u00f2 potenzialmente coprire la totalit\u00e0 dell\u2019Offerta.<\/p>\n<\/div><\/div><\/div><div class=\"ea-card  sp-ea-single\"><h3 class=\"ea-header\"><a class=\"collapsed\" data-sptoggle=\"spcollapse\" data-sptarget=#collapse59495 href=\"javascript:void(0)\"  aria-expanded=\"false\"><i class=\"ea-expand-icon fa fa-plus\"><\/i> Quali garanzie esistono sul mio investimento?<\/a><\/h3><div class=\"sp-collapse spcollapse \" id=\"collapse59495\" data-parent=#sp-ea-5949><div class=\"ea-body\"><p>L\u2019investimento in quote\/azioni di societ\u00e0 non quotate che portano avanti progetti immobiliari \u00e8 un investimento ad alto rischio e, di conseguenza, Concrete Investing e gli Offerenti non possono garantire ritorni sull\u2019investimento sottoscritto. Investendo tramite Concrete Investing, infatti, l\u2019Investitore si assume il rischio imprenditoriale, allineando i propri interessi a quelli dei soggetti che portano avanti le operazioni. Il rischio massimo a cui l\u2019Investitore pu\u00f2 andare in contro \u00e8 la perdita dell\u2019intero capitale investito.<\/p>\n<\/div><\/div><\/div><div class=\"ea-card  sp-ea-single\"><h3 class=\"ea-header\"><a class=\"collapsed\" data-sptoggle=\"spcollapse\" data-sptarget=#collapse59496 href=\"javascript:void(0)\"  aria-expanded=\"false\"><i class=\"ea-expand-icon fa fa-plus\"><\/i> Come viene garantita la mia privacy come investitore?<\/a><\/h3><div class=\"sp-collapse spcollapse \" id=\"collapse59496\" data-parent=#sp-ea-5949><div class=\"ea-body\"><p>La privacy degli Investitori viene garantita attraverso la sottoscrizione delle quote acquistate in capo a Be Trust Fiduciaria S.r.l., fiduciaria approvata e vigilata dal MISE, senza costi aggiuntivi a carico dell\u2019Investitore.<\/p>\n<\/div><\/div><\/div><div class=\"ea-card  sp-ea-single\"><h3 class=\"ea-header\"><a class=\"collapsed\" data-sptoggle=\"spcollapse\" data-sptarget=#collapse59497 href=\"javascript:void(0)\"  aria-expanded=\"false\"><i class=\"ea-expand-icon fa fa-plus\"><\/i> Come viene garantita l\u2019amministrazione professionale delle quote?<\/a><\/h3><div class=\"sp-collapse spcollapse \" id=\"collapse59497\" data-parent=#sp-ea-5949><div class=\"ea-body\"><p>La fiduciaria si fa carico della attivit\u00e0 di gestione amministrativa delle quote, tra cui la fiscalit\u00e0 dei dividendi, la custodia fisica dei documenti, la rendicontazione delle transazioni delle quote tra i soci.<\/p>\n<\/div><\/div><\/div><div class=\"ea-card  sp-ea-single\"><h3 class=\"ea-header\"><a class=\"collapsed\" data-sptoggle=\"spcollapse\" data-sptarget=#collapse59498 href=\"javascript:void(0)\"  aria-expanded=\"false\"><i class=\"ea-expand-icon fa fa-plus\"><\/i> Come faccio a sapere se sono un Investitore Professionale?<\/a><\/h3><div class=\"sp-collapse spcollapse \" id=\"collapse59498\" data-parent=#sp-ea-5949><div class=\"ea-body\"><p>Sono classificabili come Investitori Professionali tutti quei soggetti che rientrano nella definizione prevista dal Regolamento, illustrata nel\u00a0<a href=\"https:\/\/www.concreteinvesting.com\/info\/glossario\" target=\"_blank\" rel=\"noopener\">Glossario<\/a>\u00a0sotto la voce \u201cInvestitore Professionale\u201d.<\/p>\n<\/div><\/div><\/div><div class=\"ea-card  sp-ea-single\"><h3 class=\"ea-header\"><a class=\"collapsed\" data-sptoggle=\"spcollapse\" data-sptarget=#collapse59499 href=\"javascript:void(0)\"  aria-expanded=\"false\"><i class=\"ea-expand-icon fa fa-plus\"><\/i> Quali sono i rendimenti dei progetti pubblicati?<\/a><\/h3><div class=\"sp-collapse spcollapse \" id=\"collapse59499\" data-parent=#sp-ea-5949><div class=\"ea-body\"><p>I rendimenti dei progetti immobiliare sono pubblicati all\u2019interno di ciascuna Offerta e possono essere, a seconda del tipo di operazione, i dividendi di competenza e\/o il capital gain nel caso di cessione della partecipazione.<\/p>\n<\/div><\/div><\/div><div class=\"ea-card  sp-ea-single\"><h3 class=\"ea-header\"><a class=\"collapsed\" data-sptoggle=\"spcollapse\" data-sptarget=#collapse594910 href=\"javascript:void(0)\"  aria-expanded=\"false\"><i class=\"ea-expand-icon fa fa-plus\"><\/i> Cosa succede se l\u2019Offerta non raggiunge l\u2019obiettivo minimo di raccolta?<\/a><\/h3><div class=\"sp-collapse spcollapse \" id=\"collapse594910\" data-parent=#sp-ea-5949><div class=\"ea-body\"><p>Nel caso l\u2019Offerta non raggiunga il target minimo di raccolta tutti i capitali investiti vengono restituiti agli Investitori automaticamente e senza costi aggiuntivi per i partecipanti.<\/p>\n<\/div><\/div><\/div><div class=\"ea-card  sp-ea-single\"><h3 class=\"ea-header\"><a class=\"collapsed\" data-sptoggle=\"spcollapse\" data-sptarget=#collapse594911 href=\"javascript:void(0)\"  aria-expanded=\"false\"><i class=\"ea-expand-icon fa fa-plus\"><\/i> Cosa succede se l\u2019Offerta supera l\u2019obiettivo minimo di raccolta?<\/a><\/h3><div class=\"sp-collapse spcollapse \" id=\"collapse594911\" data-parent=#sp-ea-5949><div class=\"ea-body\"><p>Nel caso l\u2019Offerta superi il target di raccolta l\u2019Offerta si ritiene conclusa, e gli eventuali investimenti in eccesso, stabiliti secondo il principio cronologico di ricezione degli ordini, vengono restituiti agli Investitori senza costi aggiuntivi. Ovvero, pu\u00f2 essere previsto, a seconda dei casi, una soglia massima fino alla quale \u00e8 ancora possibile acquistare, alle stesse condizioni, quote\/azioni dell\u2019Offerente in overfunding.<\/p>\n<\/div><\/div><\/div><div class=\"ea-card  sp-ea-single\"><h3 class=\"ea-header\"><a class=\"collapsed\" data-sptoggle=\"spcollapse\" data-sptarget=#collapse594912 href=\"javascript:void(0)\"  aria-expanded=\"false\"><i class=\"ea-expand-icon fa fa-plus\"><\/i> Una volta concluso l\u2019investimento, come rimango aggiornato sugli sviluppi del progetto?<\/a><\/h3><div class=\"sp-collapse spcollapse \" id=\"collapse594912\" data-parent=#sp-ea-5949><div class=\"ea-body\"><p>Concrete Investing fornisce agli Investitori report periodici sull\u2019andamento dei progetti su cui hanno investito. La fiduciaria contribuisce ad integrare queste informazioni con la rendicontazione annuale delle posizioni iscritte a mandato.<\/p>\n<\/div><\/div><\/div><div class=\"ea-card  sp-ea-single\"><h3 class=\"ea-header\"><a class=\"collapsed\" data-sptoggle=\"spcollapse\" data-sptarget=#collapse594913 href=\"javascript:void(0)\"  aria-expanded=\"false\"><i class=\"ea-expand-icon fa fa-plus\"><\/i> Cos\u2019\u00e8 un\u2019opzione call?<\/a><\/h3><div class=\"sp-collapse spcollapse \" id=\"collapse594913\" data-parent=#sp-ea-5949><div class=\"ea-body\"><p>Un\u2019opzione call \u00e8 una clausola dello statuto che attribuisce allo sponsor il diritto di decidere se acquistare un\u2019attivit\u00e0 sottostante (le quote della Societ\u00e0 offerente) in un certo periodo di tempo, ad un prezzo prefissato.<\/p>\n<\/div><\/div><\/div><div class=\"ea-card  sp-ea-single\"><h3 class=\"ea-header\"><a class=\"collapsed\" data-sptoggle=\"spcollapse\" data-sptarget=#collapse594914 href=\"javascript:void(0)\"  aria-expanded=\"false\"><i class=\"ea-expand-icon fa fa-plus\"><\/i> Cos\u2019\u00e8 un\u2019opzione put?<\/a><\/h3><div class=\"sp-collapse spcollapse \" id=\"collapse594914\" data-parent=#sp-ea-5949><div class=\"ea-body\"><p>Un\u2019opzione put \u00e8 una clausola dello statuto che attribuisce all\u2019investitore il diritto di decidere se vendere oppure no un\u2019attivit\u00e0 sottostante (le quote della Societ\u00e0 offerente) in un certo periodo di tempo, ad un prezzo prefissato. L\u2019opzione put \u00e8 pensata per tutelare gli investitori creando un\u2019opportunit\u00e0 di exit anticipata rispetto ad un holding period dato.<\/p>\n<\/div><\/div><\/div><div class=\"ea-card  sp-ea-single\"><h3 class=\"ea-header\"><a class=\"collapsed\" data-sptoggle=\"spcollapse\" data-sptarget=#collapse594915 href=\"javascript:void(0)\"  aria-expanded=\"false\"><i class=\"ea-expand-icon fa fa-plus\"><\/i> Cos\u2019\u00e8 la liquidation preference?<\/a><\/h3><div class=\"sp-collapse spcollapse \" id=\"collapse594915\" data-parent=#sp-ea-5949><div class=\"ea-body\"><p>La liquidation preference \u00e8 una clausola dello statuto che attribuisce agli investitori che la detengono la priorit\u00e0 verso gli altri soci nella liquidazione della propria quota in caso di liquidazione o di altri eventi legati alla vendita della societ\u00e0 e alla divisione dei proventi. La liquidation preference ha la funzione di tutelare gli investitori mitigando il rischio di perdita del capitale in caso di performance inferiori alle attese.<\/p>\n<\/div><\/div><\/div><div class=\"ea-card  sp-ea-single\"><h3 class=\"ea-header\"><a class=\"collapsed\" data-sptoggle=\"spcollapse\" data-sptarget=#collapse594916 href=\"javascript:void(0)\"  aria-expanded=\"false\"><i class=\"ea-expand-icon fa fa-plus\"><\/i> Quali sono i costi di Concrete Investing?<\/a><\/h3><div class=\"sp-collapse spcollapse \" id=\"collapse594916\" data-parent=#sp-ea-5949><div class=\"ea-body\"><p>Per gli Investitori i costi di Concrete Investing sono rappresentati da una fee una tantum, calcolata in percentuale sull\u2019investimento e definita in base al progetto e all\u2019ammontare investito. Tali costi sono esplicitati all\u2019interno del materiale informativo di ciascuna Offerta. Per maggiori informazioni ti rimandiamo a\u00a0<a href=\"https:\/\/www.concreteinvesting.com\/blog\/equity-crowdfunding\/perch-concrete-applica-commissioni-agli-investitori\" target=\"_blank\" rel=\"noopener\">questo articolo<\/a>\u00a0di approfondimento.<\/p>\n<\/div><\/div><\/div><\/div><\/div>\n\n\n\n<h2>Per gli Operatori Immobiliari<\/h2>\n\n\n<style>#sp-ea-5950 .spcollapsing { height: 0; overflow: hidden; transition-property: height;transition-duration: 300ms;}#sp-ea-5950.sp-easy-accordion>.sp-ea-single {border: 1px solid #e2e2e2; }#sp-ea-5950.sp-easy-accordion>.sp-ea-single>.ea-header a {color: #444;}#sp-ea-5950.sp-easy-accordion>.sp-ea-single>.sp-collapse>.ea-body {background: #fff; color: #444;}#sp-ea-5950.sp-easy-accordion>.sp-ea-single {background: #ffffff;}#sp-ea-5950.sp-easy-accordion>.sp-ea-single>.ea-header a .ea-expand-icon.fa { float: left; color: #444;font-size: 16px;}<\/style><div id=\"sp_easy_accordion-1777327336\"><div id=\"sp-ea-5950\" class=\"sp-ea-one sp-easy-accordion\" data-ex-icon=\"fa-minus\" data-col-icon=\"fa-plus\"  data-ea-active=\"ea-click\"  data-ea-mode=\"vertical\" data-preloader=\"\" data-scroll-active-item=\"\" data-offset-to-scroll=\"0\"><div class=\"ea-card ea-expand sp-ea-single\"><h3 class=\"ea-header\"><a class=\"collapsed\" data-sptoggle=\"spcollapse\" data-sptarget=#collapse59500 href=\"javascript:void(0)\"  aria-expanded=\"true\"><i class=\"ea-expand-icon fa fa-minus\"><\/i> Chi pu\u00f2 proporre i progetti?<\/a><\/h3><div class=\"sp-collapse spcollapse collapsed show\" id=\"collapse59500\" data-parent=#sp-ea-5950><div class=\"ea-body\"><p>I progetti possono essere presentati da soggetti onorabili, con comprovata esperienza nel mondo dell\u2019immobiliare, che abbiano investito, o che intendano co-investire, nell\u2019operazione oggetto dell\u2019Offerta.<br \/>\nVai alla\u00a0<a href=\"https:\/\/www.concreteinvesting.com\/raccogli-capitale\" target=\"_blank\" rel=\"noopener\">sezione dedicata<\/a>\u00a0alla candidatura dei progetti.<\/p>\n<\/div><\/div><\/div><div class=\"ea-card  sp-ea-single\"><h3 class=\"ea-header\"><a class=\"collapsed\" data-sptoggle=\"spcollapse\" data-sptarget=#collapse59501 href=\"javascript:void(0)\"  aria-expanded=\"false\"><i class=\"ea-expand-icon fa fa-plus\"><\/i> Esistono limiti di capitale raccolto tramite equity crowdfunding?<\/a><\/h3><div class=\"sp-collapse spcollapse \" id=\"collapse59501\" data-parent=#sp-ea-5950><div class=\"ea-body\"><p>Il limite massimo per le Offerte, stabilito dal Regolamento, \u00e8 di 8 milioni di Euro.<\/p>\n<\/div><\/div><\/div><div class=\"ea-card  sp-ea-single\"><h3 class=\"ea-header\"><a class=\"collapsed\" data-sptoggle=\"spcollapse\" data-sptarget=#collapse59502 href=\"javascript:void(0)\"  aria-expanded=\"false\"><i class=\"ea-expand-icon fa fa-plus\"><\/i> Quali sono i costi di Concrete Investing?<\/a><\/h3><div class=\"sp-collapse spcollapse \" id=\"collapse59502\" data-parent=#sp-ea-5950><div class=\"ea-body\"><p>Per gli Offerenti i costi di Concrete Investing sono rappresentati da una eventuale retainer fee forfettaria, corrisposta prima del collocamento dell\u2019Offerta, a copertura dei costi di due diligence, e di una success fee, calcolata in percentuale sul capitale raccolto e definita in base al progetto e al capitale raccolto, corrisposta a Concrete Investing al termine dell\u2019Offerta solo in caso di esito positivo di quest\u2019ultima.<\/p>\n<\/div><\/div><\/div><\/div><\/div>\n","protected":false},"excerpt":{"rendered":"<p>Generali Per gli Investitori Per gli Operatori Immobiliari<\/p>\n","protected":false},"author":1,"featured_media":0,"parent":5553,"menu_order":0,"comment_status":"closed","ping_status":"closed","template":"","meta":[],"blocksy_meta":{"styles_descriptor":{"styles":{"desktop":"","tablet":"","mobile":""},"google_fonts":[],"version":6}},"_links":{"self":[{"href":"https:\/\/www.concreteinvesting.com\/blog\/wp-json\/wp\/v2\/pages\/5548"}],"collection":[{"href":"https:\/\/www.concreteinvesting.com\/blog\/wp-json\/wp\/v2\/pages"}],"about":[{"href":"https:\/\/www.concreteinvesting.com\/blog\/wp-json\/wp\/v2\/types\/page"}],"author":[{"embeddable":true,"href":"https:\/\/www.concreteinvesting.com\/blog\/wp-json\/wp\/v2\/users\/1"}],"replies":[{"embeddable":true,"href":"https:\/\/www.concreteinvesting.com\/blog\/wp-json\/wp\/v2\/comments?post=5548"}],"version-history":[{"count":4,"href":"https:\/\/www.concreteinvesting.com\/blog\/wp-json\/wp\/v2\/pages\/5548\/revisions"}],"predecessor-version":[{"id":5951,"href":"https:\/\/www.concreteinvesting.com\/blog\/wp-json\/wp\/v2\/pages\/5548\/revisions\/5951"}],"up":[{"embeddable":true,"href":"https:\/\/www.concreteinvesting.com\/blog\/wp-json\/wp\/v2\/pages\/5553"}],"wp:attachment":[{"href":"https:\/\/www.concreteinvesting.com\/blog\/wp-json\/wp\/v2\/media?parent=5548"}],"curies":[{"name":"wp","href":"https:\/\/api.w.org\/{rel}","templated":true}]}}